{"id":48,"date":"2019-06-04T23:49:16","date_gmt":"2019-06-05T04:49:16","guid":{"rendered":"http:\/\/criviaint.com\/?page_id=48"},"modified":"2024-03-13T21:27:36","modified_gmt":"2024-03-14T03:27:36","slug":"quienes-somos","status":"publish","type":"page","link":"https:\/\/criviaint.com\/index.php\/quienes-somos\/","title":{"rendered":"\u00bfQui\u00e9nes Somos?"},"content":{"rendered":"\t\t<div data-elementor-type=\"wp-page\" data-elementor-id=\"48\" class=\"elementor elementor-48\">\n\t\t\t\t<div class=\"elementor-element elementor-element-5a2d6b16 e-flex e-con-boxed wpr-particle-no wpr-jarallax-no wpr-parallax-no wpr-sticky-section-no e-con e-parent\" data-id=\"5a2d6b16\" data-element_type=\"container\">\n\t\t\t\t\t<div class=\"e-con-inner\">\n\t\t\t\t<div class=\"elementor-element elementor-element-445c388f elementor-widget elementor-widget-text-editor\" data-id=\"445c388f\" data-element_type=\"widget\" data-widget_type=\"text-editor.default\">\n\t\t\t\t<div class=\"elementor-widget-container\">\n\t\t\t<style>\/*! elementor - v3.22.0 - 26-06-2024 *\/\n.elementor-widget-text-editor.elementor-drop-cap-view-stacked .elementor-drop-cap{background-color:#69727d;color:#fff}.elementor-widget-text-editor.elementor-drop-cap-view-framed .elementor-drop-cap{color:#69727d;border:3px solid;background-color:transparent}.elementor-widget-text-editor:not(.elementor-drop-cap-view-default) .elementor-drop-cap{margin-top:8px}.elementor-widget-text-editor:not(.elementor-drop-cap-view-default) .elementor-drop-cap-letter{width:1em;height:1em}.elementor-widget-text-editor .elementor-drop-cap{float:left;text-align:center;line-height:1;font-size:50px}.elementor-widget-text-editor .elementor-drop-cap-letter{display:inline-block}<\/style>\t\t\t\t<p>Somos una empresa dedicada a la intermediaci\u00f3n comercial y la promoci\u00f3n de servicios. Nuestro principal enfoque radica en actuar como representante de diversos Fondos de Inversi\u00f3n Internacionales, ofreciendo oportunidades de inversi\u00f3n en un amplio rango de sectores, con montos que oscilan entre los $2 y $200 millones de d\u00f3lares. Algunos de los sectores en los que operamos incluyen:<\/p>\n<ol>\n<li>Energ\u00eda<\/li>\n<li>Bienes de capital<\/li>\n<li>Servicios comerciales y profesionales<\/li>\n<li>Transporte<\/li>\n<li>Autom\u00f3viles y componentes<\/li>\n<li>Bienes de consumo y prendas de vestir<\/li>\n<li>Materiales<\/li>\n<li>Servicios al consumidor<\/li>\n<li>Medios de comunicaci\u00f3n<\/li>\n<li>Venta al por menor\/detallista<\/li>\n<li>Venta al por menor de alimentos<\/li>\n<li>Alimentos, bebidas y tabaco<\/li>\n<li>Productos dom\u00e9sticos y personales<\/li>\n<li>Equipos y servicios de cuidado de la salud<\/li>\n<li>Farmac\u00e9utica, Biotecnolog\u00eda y Ciencias de la Vida<\/li>\n<li>Bancos<\/li>\n<li>Finanzas diversificadas<\/li>\n<li>Seguros<\/li>\n<li>Software y servicios<\/li>\n<li>Tecnolog\u00eda Hardware y equipo<\/li>\n<li>Semiconductores y equipos semiconductores<\/li>\n<li>Servicios de telecomunicaciones<\/li>\n<\/ol>\n<p style=\"text-align: center;\">Con una vasta experiencia y un profundo conocimiento en estos sectores, nos comprometemos a proporcionar oportunidades de inversi\u00f3n s\u00f3lidas y estrat\u00e9gicas para nuestros clientes, garantizando as\u00ed un crecimiento y una rentabilidad sostenibles en el mercado global.<\/p>\t\t\t\t\t\t<\/div>\n\t\t\t\t<\/div>\n\t\t\t\t\t<\/div>\n\t\t\t\t<\/div>\n\t\t\t\t<\/div>\n\t\t","protected":false},"excerpt":{"rendered":"<p>Somos una empresa dedicada a la intermediaci\u00f3n comercial y la promoci\u00f3n de servicios. Nuestro principal enfoque radica en actuar como representante de diversos Fondos de Inversi\u00f3n Internacionales, ofreciendo oportunidades de inversi\u00f3n en un amplio rango de sectores, con montos que oscilan entre los $2 y $200 millones de d\u00f3lares. Algunos de los sectores en los que operamos incluyen: Energ\u00eda Bienes de capital Servicios comerciales y profesionales Transporte Autom\u00f3viles y componentes Bienes de consumo y prendas de vestir Materiales Servicios al consumidor Medios de comunicaci\u00f3n Venta al por menor\/detallista Venta al por menor de alimentos Alimentos, bebidas y tabaco Productos dom\u00e9sticos y personales Equipos y servicios de cuidado de la salud Farmac\u00e9utica, Biotecnolog\u00eda y Ciencias de la Vida Bancos Finanzas diversificadas Seguros Software y servicios Tecnolog\u00eda Hardware y equipo Semiconductores y equipos semiconductores Servicios de telecomunicaciones Con una vasta experiencia y un profundo conocimiento en estos sectores, nos comprometemos a proporcionar oportunidades de inversi\u00f3n s\u00f3lidas y estrat\u00e9gicas para nuestros clientes, garantizando as\u00ed un crecimiento y una rentabilidad sostenibles en el mercado global.<\/p>\n","protected":false},"author":1,"featured_media":0,"parent":0,"menu_order":0,"comment_status":"closed","ping_status":"closed","template":"","meta":{"site-sidebar-layout":"default","site-content-layout":"","ast-site-content-layout":"","site-content-style":"default","site-sidebar-style":"default","ast-global-header-display":"","ast-banner-title-visibility":"","ast-main-header-display":"","ast-hfb-above-header-display":"","ast-hfb-below-header-display":"","ast-hfb-mobile-header-display":"","site-post-title":"","ast-breadcrumbs-content":"","ast-featured-img":"","footer-sml-layout":"","theme-transparent-header-meta":"","adv-header-id-meta":"","stick-header-meta":"","header-above-stick-meta":"","header-main-stick-meta":"","header-below-stick-meta":"","astra-migrate-meta-layouts":"default","ast-page-background-enabled":"default","ast-page-background-meta":{"desktop":{"background-color":"var(--ast-global-color-4)","background-image":"","background-repeat":"repeat","background-position":"center center","background-size":"auto","background-attachment":"scroll","background-type":"","background-media":"","overlay-type":"","overlay-color":"","overlay-opacity":"","overlay-gradient":""},"tablet":{"background-color":"","background-image":"","background-repeat":"repeat","background-position":"center center","background-size":"auto","background-attachment":"scroll","background-type":"","background-media":"","overlay-type":"","overlay-color":"","overlay-opacity":"","overlay-gradient":""},"mobile":{"background-color":"","background-image":"","background-repeat":"repeat","background-position":"center center","background-size":"auto","background-attachment":"scroll","background-type":"","background-media":"","overlay-type":"","overlay-color":"","overlay-opacity":"","overlay-gradient":""}},"ast-content-background-meta":{"desktop":{"background-color":"var(--ast-global-color-5)","background-image":"","background-repeat":"repeat","background-position":"center center","background-size":"auto","background-attachment":"scroll","background-type":"","background-media":"","overlay-type":"","overlay-color":"","overlay-opacity":"","overlay-gradient":""},"tablet":{"background-color":"var(--ast-global-color-5)","background-image":"","background-repeat":"repeat","background-position":"center center","background-size":"auto","background-attachment":"scroll","background-type":"","background-media":"","overlay-type":"","overlay-color":"","overlay-opacity":"","overlay-gradient":""},"mobile":{"background-color":"var(--ast-global-color-5)","background-image":"","background-repeat":"repeat","background-position":"center center","background-size":"auto","background-attachment":"scroll","background-type":"","background-media":"","overlay-type":"","overlay-color":"","overlay-opacity":"","overlay-gradient":""}},"footnotes":""},"_links":{"self":[{"href":"https:\/\/criviaint.com\/index.php\/wp-json\/wp\/v2\/pages\/48"}],"collection":[{"href":"https:\/\/criviaint.com\/index.php\/wp-json\/wp\/v2\/pages"}],"about":[{"href":"https:\/\/criviaint.com\/index.php\/wp-json\/wp\/v2\/types\/page"}],"author":[{"embeddable":true,"href":"https:\/\/criviaint.com\/index.php\/wp-json\/wp\/v2\/users\/1"}],"replies":[{"embeddable":true,"href":"https:\/\/criviaint.com\/index.php\/wp-json\/wp\/v2\/comments?post=48"}],"version-history":[{"count":15,"href":"https:\/\/criviaint.com\/index.php\/wp-json\/wp\/v2\/pages\/48\/revisions"}],"predecessor-version":[{"id":735,"href":"https:\/\/criviaint.com\/index.php\/wp-json\/wp\/v2\/pages\/48\/revisions\/735"}],"wp:attachment":[{"href":"https:\/\/criviaint.com\/index.php\/wp-json\/wp\/v2\/media?parent=48"}],"curies":[{"name":"wp","href":"https:\/\/api.w.org\/{rel}","templated":true}]}}