{"id":823,"date":"2024-03-20T12:06:30","date_gmt":"2024-03-20T18:06:30","guid":{"rendered":"http:\/\/criviaint.com\/?post_type=product&#038;p=823"},"modified":"2025-02-15T10:10:34","modified_gmt":"2025-02-15T16:10:34","slug":"hi-factor","status":"publish","type":"product","link":"https:\/\/criviaint.com\/index.php\/producto\/hi-factor\/","title":{"rendered":"Hi! Factor"},"content":{"rendered":"<p>Factores de crecimiento obtenidos de c\u00e9lulas madre mesenquimales, con \u00e1cido hialur\u00f3nico para aplicaci\u00f3n cosm\u00e9tica en tratamientos de rejuvenecimiento .<\/p>\n<p>&nbsp;<\/p>\n<p><strong>BENEFICIOS<\/strong><\/p>\n<ul>\n<li>Reduce las l\u00edneas finas y arrugas cut\u00e1neas<\/li>\n<li>Elimina signos visibles de expresi\u00f3n.<\/li>\n<li>Minimiza la apariencia de manchas solares.<\/li>\n<li>Aten\u00faa marcas y cicatrices de acn\u00e9<\/li>\n<li>Refuerza la estructura d\u00e9rmica<\/li>\n<li>Estimula la producci\u00f3n de col\u00e1geno y elastina<\/li>\n<\/ul>\n<p><strong>ACTIVOS PRINCIPALES<\/strong><\/p>\n<ul>\n<li>Medio condicionado liofilizado obtenidos de<\/li>\n<li>c\u00e9lulas madre mesenquimales<\/li>\n<li>\u00c1cido hialur\u00f3nico<\/li>\n<\/ul>\n","protected":false},"excerpt":{"rendered":"<p>Factores de crecimiento obtenidos de c\u00e9lulas madre mesenquimales, con \u00e1cido hialur\u00f3nico para aplicaci\u00f3n cosm\u00e9tica en tratamientos de rejuvenecimiento . &nbsp; BENEFICIOS Reduce las l\u00edneas finas y arrugas cut\u00e1neas Elimina signos visibles de expresi\u00f3n. Minimiza la apariencia de manchas solares. Aten\u00faa marcas y cicatrices de acn\u00e9 Refuerza la estructura d\u00e9rmica Estimula la producci\u00f3n de col\u00e1geno y elastina ACTIVOS PRINCIPALES Medio condicionado liofilizado obtenidos de c\u00e9lulas madre mesenquimales \u00c1cido hialur\u00f3nico<\/p>\n","protected":false},"featured_media":745,"comment_status":"open","ping_status":"closed","template":"","meta":{"site-sidebar-layout":"default","site-content-layout":"","ast-site-content-layout":"default","site-content-style":"default","site-sidebar-style":"default","ast-global-header-display":"","ast-banner-title-visibility":"","ast-main-header-display":"","ast-hfb-above-header-display":"","ast-hfb-below-header-display":"","ast-hfb-mobile-header-display":"","site-post-title":"","ast-breadcrumbs-content":"","ast-featured-img":"","footer-sml-layout":"","theme-transparent-header-meta":"default","adv-header-id-meta":"","stick-header-meta":"","header-above-stick-meta":"","header-main-stick-meta":"","header-below-stick-meta":"","astra-migrate-meta-layouts":"set","ast-page-background-enabled":"default","ast-page-background-meta":{"desktop":{"background-color":"var(--ast-global-color-4)","background-image":"","background-repeat":"repeat","background-position":"center center","background-size":"auto","background-attachment":"scroll","background-type":"","background-media":"","overlay-type":"","overlay-color":"","overlay-opacity":"","overlay-gradient":""},"tablet":{"background-color":"","background-image":"","background-repeat":"repeat","background-position":"center center","background-size":"auto","background-attachment":"scroll","background-type":"","background-media":"","overlay-type":"","overlay-color":"","overlay-opacity":"","overlay-gradient":""},"mobile":{"background-color":"","background-image":"","background-repeat":"repeat","background-position":"center center","background-size":"auto","background-attachment":"scroll","background-type":"","background-media":"","overlay-type":"","overlay-color":"","overlay-opacity":"","overlay-gradient":""}},"ast-content-background-meta":{"desktop":{"background-color":"var(--ast-global-color-5)","background-image":"","background-repeat":"repeat","background-position":"center center","background-size":"auto","background-attachment":"scroll","background-type":"","background-media":"","overlay-type":"","overlay-color":"","overlay-opacity":"","overlay-gradient":""},"tablet":{"background-color":"var(--ast-global-color-5)","background-image":"","background-repeat":"repeat","background-position":"center center","background-size":"auto","background-attachment":"scroll","background-type":"","background-media":"","overlay-type":"","overlay-color":"","overlay-opacity":"","overlay-gradient":""},"mobile":{"background-color":"var(--ast-global-color-5)","background-image":"","background-repeat":"repeat","background-position":"center center","background-size":"auto","background-attachment":"scroll","background-type":"","background-media":"","overlay-type":"","overlay-color":"","overlay-opacity":"","overlay-gradient":""}}},"product_cat":[60],"product_tag":[],"_links":{"self":[{"href":"https:\/\/criviaint.com\/index.php\/wp-json\/wp\/v2\/product\/823"}],"collection":[{"href":"https:\/\/criviaint.com\/index.php\/wp-json\/wp\/v2\/product"}],"about":[{"href":"https:\/\/criviaint.com\/index.php\/wp-json\/wp\/v2\/types\/product"}],"replies":[{"embeddable":true,"href":"https:\/\/criviaint.com\/index.php\/wp-json\/wp\/v2\/comments?post=823"}],"wp:featuredmedia":[{"embeddable":true,"href":"https:\/\/criviaint.com\/index.php\/wp-json\/wp\/v2\/media\/745"}],"wp:attachment":[{"href":"https:\/\/criviaint.com\/index.php\/wp-json\/wp\/v2\/media?parent=823"}],"wp:term":[{"taxonomy":"product_cat","embeddable":true,"href":"https:\/\/criviaint.com\/index.php\/wp-json\/wp\/v2\/product_cat?post=823"},{"taxonomy":"product_tag","embeddable":true,"href":"https:\/\/criviaint.com\/index.php\/wp-json\/wp\/v2\/product_tag?post=823"}],"curies":[{"name":"wp","href":"https:\/\/api.w.org\/{rel}","templated":true}]}}