{"id":831,"date":"2024-03-20T12:17:50","date_gmt":"2024-03-20T18:17:50","guid":{"rendered":"http:\/\/criviaint.com\/?post_type=product&#038;p=831"},"modified":"2024-06-24T14:24:33","modified_gmt":"2024-06-24T20:24:33","slug":"regenerative-serum","status":"publish","type":"product","link":"https:\/\/criviaint.com\/index.php\/producto\/regenerative-serum\/","title":{"rendered":"REGENERATIVE SERUM"},"content":{"rendered":"<p>Serum reparador de da\u00f1os en la<br \/>\npiel, con exosomas, retinol y Vitamina E.<br \/>\nRevirtiendo el foto-envejecimiento ocasionado<br \/>\npor el paso de los a\u00f1os y favoreciendo la<br \/>\nregeneraci\u00f3n celular, mejorando el aspecto y<br \/>\ntextura de la piel.<\/p>\n","protected":false},"excerpt":{"rendered":"<p>Serum reparador de da\u00f1os en la piel, con exosomas, retinol y Vitamina E. Revirtiendo el foto-envejecimiento ocasionado por el paso de los a\u00f1os y favoreciendo la regeneraci\u00f3n celular, mejorando el aspecto y textura de la piel.<\/p>\n","protected":false},"featured_media":832,"comment_status":"open","ping_status":"closed","template":"","meta":{"site-sidebar-layout":"default","site-content-layout":"","ast-site-content-layout":"default","site-content-style":"default","site-sidebar-style":"default","ast-global-header-display":"","ast-banner-title-visibility":"","ast-main-header-display":"","ast-hfb-above-header-display":"","ast-hfb-below-header-display":"","ast-hfb-mobile-header-display":"","site-post-title":"","ast-breadcrumbs-content":"","ast-featured-img":"","footer-sml-layout":"","theme-transparent-header-meta":"default","adv-header-id-meta":"","stick-header-meta":"","header-above-stick-meta":"","header-main-stick-meta":"","header-below-stick-meta":"","astra-migrate-meta-layouts":"set","ast-page-background-enabled":"default","ast-page-background-meta":{"desktop":{"background-color":"var(--ast-global-color-4)","background-image":"","background-repeat":"repeat","background-position":"center center","background-size":"auto","background-attachment":"scroll","background-type":"","background-media":"","overlay-type":"","overlay-color":"","overlay-opacity":"","overlay-gradient":""},"tablet":{"background-color":"","background-image":"","background-repeat":"repeat","background-position":"center center","background-size":"auto","background-attachment":"scroll","background-type":"","background-media":"","overlay-type":"","overlay-color":"","overlay-opacity":"","overlay-gradient":""},"mobile":{"background-color":"","background-image":"","background-repeat":"repeat","background-position":"center center","background-size":"auto","background-attachment":"scroll","background-type":"","background-media":"","overlay-type":"","overlay-color":"","overlay-opacity":"","overlay-gradient":""}},"ast-content-background-meta":{"desktop":{"background-color":"var(--ast-global-color-5)","background-image":"","background-repeat":"repeat","background-position":"center center","background-size":"auto","background-attachment":"scroll","background-type":"","background-media":"","overlay-type":"","overlay-color":"","overlay-opacity":"","overlay-gradient":""},"tablet":{"background-color":"var(--ast-global-color-5)","background-image":"","background-repeat":"repeat","background-position":"center center","background-size":"auto","background-attachment":"scroll","background-type":"","background-media":"","overlay-type":"","overlay-color":"","overlay-opacity":"","overlay-gradient":""},"mobile":{"background-color":"var(--ast-global-color-5)","background-image":"","background-repeat":"repeat","background-position":"center center","background-size":"auto","background-attachment":"scroll","background-type":"","background-media":"","overlay-type":"","overlay-color":"","overlay-opacity":"","overlay-gradient":""}}},"product_cat":[60],"product_tag":[],"_links":{"self":[{"href":"https:\/\/criviaint.com\/index.php\/wp-json\/wp\/v2\/product\/831"}],"collection":[{"href":"https:\/\/criviaint.com\/index.php\/wp-json\/wp\/v2\/product"}],"about":[{"href":"https:\/\/criviaint.com\/index.php\/wp-json\/wp\/v2\/types\/product"}],"replies":[{"embeddable":true,"href":"https:\/\/criviaint.com\/index.php\/wp-json\/wp\/v2\/comments?post=831"}],"wp:featuredmedia":[{"embeddable":true,"href":"https:\/\/criviaint.com\/index.php\/wp-json\/wp\/v2\/media\/832"}],"wp:attachment":[{"href":"https:\/\/criviaint.com\/index.php\/wp-json\/wp\/v2\/media?parent=831"}],"wp:term":[{"taxonomy":"product_cat","embeddable":true,"href":"https:\/\/criviaint.com\/index.php\/wp-json\/wp\/v2\/product_cat?post=831"},{"taxonomy":"product_tag","embeddable":true,"href":"https:\/\/criviaint.com\/index.php\/wp-json\/wp\/v2\/product_tag?post=831"}],"curies":[{"name":"wp","href":"https:\/\/api.w.org\/{rel}","templated":true}]}}